{"id":535,"date":"2016-01-08T14:57:00","date_gmt":"2016-01-08T13:57:00","guid":{"rendered":"https:\/\/www.bonsaicenter.es\/blog\/cursos\/"},"modified":"2020-07-17T16:02:13","modified_gmt":"2020-07-17T15:02:13","slug":"cursos","status":"publish","type":"page","link":"https:\/\/www.bonsaicenter.es\/blog\/cursos\/","title":{"rendered":"CURSOS Y TALLERES"},"content":{"rendered":"<div dir=\"ltr\" style=\"text-align: left;\">\n<h1 class=\"separator\" style=\"clear: both; text-align: center;\">TALLERES Y CURSOS BONSAI 2020-2021<\/h1>\n<div class=\"MsoNormal\"><span style=\"font-family: Calibri; mso-fareast-language: ZH-CN;\"> Programas de formaci\u00f3n y entretenimiento en el cuidado de bonsais y la cultura japonesa, comida..<\/span><\/div>\n<div class=\"MsoNormal\"><span style=\"font-family: Calibri; mso-fareast-language: ZH-CN;\">Como todos los a\u00f1os en Octubre, comenzaremos los <strong>nuevos cursos de bons\u00e1i<\/strong> en Bonsai Center Sopelana, desde aqu\u00ed os queremos animar a que particip\u00e9is en alguno de ellos.<\/span><\/div>\n<div class=\"MsoNormal\"><span style=\"font-family: Calibri; mso-fareast-language: ZH-CN;\">Son cursos a vuestra medida, a nivel de iniciaci\u00f3n y especializaci\u00f3n con grupos reducidos . Con un ambiente sano y relajado.<\/span><\/div>\n<h2 class=\"MsoNormal\"><strong><span style=\"font-family: Calibri; font-size: 18.0pt; mso-fareast-language: ZH-CN;\">El curso de iniciaci\u00f3n<\/span><span style=\"font-family: Calibri; mso-fareast-language: ZH-CN;\"> comienza el <\/span><\/strong><span style=\"font-family: Calibri; font-size: 18.0pt; mso-fareast-language: ZH-CN;\"><strong>10 de Octubre de 2020<\/strong>. Habra otro el 11 de octubre para evitar la masificacion y asi respetar la normativa covid.<br \/>\n<\/span><\/h2>\n<h4>\u00a0\u00a0\u00a0\u00a0\u00a0\u00a0\u00a0\u00a0\u00a0\u00a0\u00a0\u00a0\u00a0\u00a0\u00a0\u00a0\u00a0\u00a0\u00a0\u00a0\u00a0\u00a0\u00a0\u00a0\u00a0\u00a0\u00a0\u00a0\u00a0<span style=\"color: #000080;\"> PINCHA EN LA FOTO PARA RESERVAR TU PLAZA<\/span><\/h4>\n<p><a href=\"https:\/\/www.bonsaicenter.es\/cursos-y-talleres\/502-curso-de-bonsai-nivel-iniciacion-sabados.html\"><img fetchpriority=\"high\" decoding=\"async\" class=\"aligncenter size-full wp-image-9273\" src=\"https:\/\/www.bonsaicenter.es\/blog\/wp-content\/uploads\/2020\/07\/CURSO-BONSAI.png\" alt=\"\" width=\"940\" height=\"788\" srcset=\"https:\/\/www.bonsaicenter.es\/blog\/wp-content\/uploads\/2020\/07\/CURSO-BONSAI.png 940w, https:\/\/www.bonsaicenter.es\/blog\/wp-content\/uploads\/2020\/07\/CURSO-BONSAI-768x644.png 768w\" sizes=\"(max-width: 940px) 100vw, 940px\" \/><\/a><\/p>\n<div class=\"MsoNormal\"><span style=\"font-family: Calibri; mso-fareast-language: ZH-CN;\">Consiste en 15 horas de clase repartidas en 6 s\u00e1bados alternos.<span style=\"mso-spacerun: yes;\">\u00a0\u00a0 <\/span>En horario de 10:00 a 12.30 Es un curso muy pr\u00e1ctico, puedes trabajar tus bons\u00e1is o los del vivero, con esto te aseguramos la ense\u00f1anza practica a un alto nivel de aprendizaje, esto lo atestiguan los alumn@s que a\u00f1o tras a\u00f1o pasan por nuestra escuela. <\/span><span style=\"font-family: Calibri; mso-fareast-language: ZH-CN;\">Incluye alambre, sustratos, uso de herramientas.<\/span><\/div>\n<div class=\"MsoNormal\"><\/div>\n<h2 class=\"MsoNormal\" style=\"text-align: center;\" align=\"center\"><b style=\"mso-bidi-font-weight: normal;\"><span style=\"font-family: Calibri; font-size: 14.0pt; mso-fareast-language: ZH-CN;\">TEMARIO INICIACI\u00d3N<\/span><\/b><\/h2>\n<ul>\n<li style=\"list-style-type: none;\">\n<ul>\n<li style=\"list-style-type: none;\">\n<ul style=\"margin-top: 0cm;\" type=\"disc\">\n<li class=\"MsoNormal\" style=\"mso-list: l0 level1 lfo1; tab-stops: list 36.0pt;\"><b style=\"mso-bidi-font-weight: normal;\"><span style=\"font-family: Calibri; mso-fareast-language: ZH-CN;\">Historia del Bonsai<\/span><\/b><\/li>\n<li class=\"MsoNormal\" style=\"mso-list: l0 level1 lfo1; tab-stops: list 36.0pt;\"><b style=\"mso-bidi-font-weight: normal;\"><span style=\"font-family: Calibri; mso-fareast-language: ZH-CN;\">Estilos b\u00e1sicos de bonsai<\/span><\/b><\/li>\n<li class=\"MsoNormal\" style=\"mso-list: l0 level1 lfo1; tab-stops: list 36.0pt;\"><b style=\"mso-bidi-font-weight: normal;\"><span style=\"font-family: Calibri; mso-fareast-language: ZH-CN;\">Poda de formaci\u00f3n<\/span><\/b><\/li>\n<li class=\"MsoNormal\" style=\"mso-list: l0 level1 lfo1; tab-stops: list 36.0pt;\"><b style=\"mso-bidi-font-weight: normal;\"><span style=\"font-family: Calibri; mso-fareast-language: ZH-CN;\">Pinzados<\/span><\/b><\/li>\n<li class=\"MsoNormal\" style=\"mso-list: l0 level1 lfo1; tab-stops: list 36.0pt;\"><b style=\"mso-bidi-font-weight: normal;\"><span style=\"font-family: Calibri; mso-fareast-language: ZH-CN;\">Alambrado<\/span><\/b><\/li>\n<li class=\"MsoNormal\" style=\"mso-list: l0 level1 lfo1; tab-stops: list 36.0pt;\"><b style=\"mso-bidi-font-weight: normal;\"><span style=\"font-family: Calibri; mso-fareast-language: ZH-CN;\">Riego correcto<\/span><\/b><\/li>\n<li class=\"MsoNormal\" style=\"mso-list: l0 level1 lfo1; tab-stops: list 36.0pt;\"><b style=\"mso-bidi-font-weight: normal;\"><span style=\"font-family: Calibri; mso-fareast-language: ZH-CN;\">Sustratos<\/span><\/b><\/li>\n<li class=\"MsoNormal\" style=\"mso-list: l0 level1 lfo1; tab-stops: list 36.0pt;\"><b style=\"mso-bidi-font-weight: normal;\"><span style=\"font-family: Calibri; mso-fareast-language: ZH-CN;\">Abonos<\/span><\/b><\/li>\n<li class=\"MsoNormal\" style=\"mso-list: l0 level1 lfo1; tab-stops: list 36.0pt;\"><b style=\"mso-bidi-font-weight: normal;\"><span style=\"font-family: Calibri; mso-fareast-language: ZH-CN;\">Podas<\/span><\/b><\/li>\n<li class=\"MsoNormal\" style=\"mso-list: l0 level1 lfo1; tab-stops: list 36.0pt;\"><b style=\"mso-bidi-font-weight: normal;\"><span style=\"font-family: Calibri; mso-fareast-language: ZH-CN;\">Fitosanitarios: plagas y enfermedades.<\/span><\/b><\/li>\n<li class=\"MsoNormal\" style=\"mso-list: l0 level1 lfo1; tab-stops: list 36.0pt;\"><b style=\"mso-bidi-font-weight: normal;\"><span style=\"font-family: Calibri; mso-fareast-language: ZH-CN;\">Transplante.<\/span><\/b><\/li>\n<\/ul>\n<\/li>\n<\/ul>\n<\/li>\n<\/ul>\n<div class=\"separator\" style=\"clear: both; text-align: center;\"><\/div>\n<h2 class=\"MsoNormal\"><strong> <span style=\"font-family: Calibri; font-size: 18.0pt; mso-fareast-language: ZH-CN;\">Curso de especializaci\u00f3n<\/span><span style=\"font-family: Calibri; mso-fareast-language: ZH-CN;\"> <span style=\"mso-spacerun: yes;\">\u00a0<\/span>comienza el <\/span><span style=\"font-family: Calibri; font-size: 18.0pt; mso-fareast-language: ZH-CN;\">17 de Octubre de 2020<\/span><\/strong><\/h2>\n<div class=\"MsoNormal\"><span style=\"font-family: Calibri; mso-fareast-language: ZH-CN;\">Se imparte durante<br \/>\ntodo el a\u00f1o , de Octubre a Junio en s\u00e1bados alternos.<\/span><\/div>\n<div><\/div>\n<div><a href=\"https:\/\/www.bonsaicenter.es\/cursos-y-talleres\/503-curso-de-bonsai-nivel-avanzado-2021.html\"><img decoding=\"async\" class=\"aligncenter size-full wp-image-9275\" src=\"https:\/\/www.bonsaicenter.es\/blog\/wp-content\/uploads\/2020\/07\/curso-avanzado.png\" alt=\"\" width=\"940\" height=\"788\" srcset=\"https:\/\/www.bonsaicenter.es\/blog\/wp-content\/uploads\/2020\/07\/curso-avanzado.png 940w, https:\/\/www.bonsaicenter.es\/blog\/wp-content\/uploads\/2020\/07\/curso-avanzado-768x644.png 768w\" sizes=\"(max-width: 940px) 100vw, 940px\" \/><\/a><\/div>\n<h2><strong>Talleres de bonsai<\/strong><\/h2>\n<div>Para gente mas experimentada que quiere trabajar arboles y tecnicas mas precisas los jueves y viernes en horario de tarde. Grupos muy muy reducidos.<\/div>\n<div class=\"MsoNormal\"><\/div>\n<div class=\"separator\" style=\"clear: both; text-align: center;\"><\/div>\n<div class=\"separator\" style=\"clear: both; text-align: center;\"><a href=\"https:\/\/www.bonsaicenter.es\/cursos-y-talleres\/501-taller-de-bonsai.html\"><img decoding=\"async\" class=\"aligncenter size-full wp-image-9276\" src=\"https:\/\/www.bonsaicenter.es\/blog\/wp-content\/uploads\/2020\/07\/Especializacion.png\" alt=\"\" width=\"940\" height=\"788\" srcset=\"https:\/\/www.bonsaicenter.es\/blog\/wp-content\/uploads\/2020\/07\/Especializacion.png 940w, https:\/\/www.bonsaicenter.es\/blog\/wp-content\/uploads\/2020\/07\/Especializacion-768x644.png 768w\" sizes=\"(max-width: 940px) 100vw, 940px\" \/><\/a><\/div>\n<div class=\"MsoNormal\"><\/div>\n<div class=\"MsoNormal\"><span style=\"font-family: Calibri; mso-fareast-language: ZH-CN;\">Ven e informarte o llama para reservar tu plaza<\/span><\/div>\n<div class=\"MsoNormal\"><\/div>\n<div class=\"MsoNormal\" style=\"text-align: center;\" align=\"center\"><b style=\"mso-bidi-font-weight: normal;\"><span lang=\"PT-BR\" style=\"font-family: Calibri; font-size: 14.0pt; mso-ansi-language: PT-BR; mso-fareast-language: ZH-CN;\">bonsaicenter.sopelana@gmail.com<\/span><\/b><\/div>\n<div align=\"center\"><a href=\"https:\/\/www.bonsaicenter.es\/17-cursos-y-talleres\">www.bonsaicenter.es<\/a><\/div>\n<div class=\"MsoNormal\" style=\"text-align: center;\" align=\"center\"><b style=\"mso-bidi-font-weight: normal;\"><span lang=\"PT-BR\" style=\"font-family: Calibri; font-size: 14.0pt; mso-ansi-language: PT-BR; mso-fareast-language: ZH-CN;\">94 676 16 14<\/span><\/b><\/div>\n<div class=\"MsoNormal\" style=\"text-align: center;\" align=\"center\"><b style=\"mso-bidi-font-weight: normal;\"><span lang=\"PT-BR\" style=\"font-family: Calibri; font-size: 14.0pt; mso-ansi-language: PT-BR; mso-fareast-language: ZH-CN;\">Gatzari\u00f1e 67-Sopela-Bizkaia<\/span><\/b><\/div>\n<div class=\"MsoNormal\"><\/div>\n<div class=\"separator\" style=\"clear: both; text-align: center;\"><\/div>\n<div class=\"separator\" style=\"clear: both; text-align: center;\"><\/div>\n<div class=\"separator\" style=\"clear: both; text-align: center;\"><\/div>\n<div class=\"separator\" style=\"clear: both; text-align: center;\"><\/div>\n<div class=\"separator\" style=\"clear: both; text-align: center;\"><\/div>\n<div class=\"separator\" style=\"clear: both; text-align: center;\"><\/div>\n<div class=\"separator\" style=\"clear: both; text-align: center;\"><\/div>\n<div class=\"separator\" style=\"clear: both; text-align: center;\"><\/div>\n<div class=\"separator\" style=\"clear: both; text-align: center;\"><\/div>\n<div class=\"separator\" style=\"clear: both; text-align: center;\"><\/div>\n<div class=\"separator\" style=\"clear: both; text-align: center;\"><\/div>\n<div class=\"separator\" style=\"clear: both; text-align: center;\"><\/div>\n<div class=\"separator\" style=\"clear: both; text-align: center;\"><\/div>\n<div class=\"separator\" style=\"clear: both; text-align: center;\"><a style=\"margin-left: 1em; margin-right: 1em;\" href=\"http:\/\/3.bp.blogspot.com\/-yRHfsWmUoxY\/UwSbPJd83UI\/AAAAAAAAA0M\/ZJybIaCYI4A\/s1600\/TALLER+DE+OBENTO.jpg\">\u00a0<\/a><\/div>\n<div class=\"separator\" style=\"clear: both; text-align: center;\"><a style=\"margin-left: 1em; margin-right: 1em;\" href=\"http:\/\/1.bp.blogspot.com\/--mfL51RWlhY\/UuKDaVCYtXI\/AAAAAAAAAfQ\/nWe_IOrDAgM\/s1600\/Presentaci%C3%B3n1.jpg\">\u00a0<\/a><\/div>\n<div class=\"separator\" style=\"clear: both; text-align: center;\"><a style=\"margin-left: 1em; margin-right: 1em;\" href=\"http:\/\/4.bp.blogspot.com\/-RrO9Cg2nVIc\/UrGLzc3YRGI\/AAAAAAAAKI0\/kDjiiF63klM\/s1600\/CURSO+INICIACION+AL+BONSAI+2014.jpg\">\u00a0<\/a><\/div>\n<\/div>\n","protected":false},"excerpt":{"rendered":"<p>TALLERES Y CURSOS BONSAI 2020-2021 Programas de formaci\u00f3n y entretenimiento en el cuidado de bonsais y la cultura japonesa, comida.. Como todos los a\u00f1os en Octubre, comenzaremos los nuevos cursos de bons\u00e1i en Bonsai Center Sopelana, desde aqu\u00ed os queremos animar a que particip\u00e9is en alguno de ellos. Son cursos a vuestra medida, a nivel [&hellip;]<\/p>\n","protected":false},"author":2,"featured_media":0,"parent":0,"menu_order":0,"comment_status":"closed","ping_status":"closed","template":"","meta":{"ocean_post_layout":"","ocean_both_sidebars_style":"","ocean_both_sidebars_content_width":0,"ocean_both_sidebars_sidebars_width":0,"ocean_sidebar":"0","ocean_second_sidebar":"0","ocean_disable_margins":"enable","ocean_add_body_class":"","ocean_shortcode_before_top_bar":"","ocean_shortcode_after_top_bar":"","ocean_shortcode_before_header":"","ocean_shortcode_after_header":"","ocean_has_shortcode":"","ocean_shortcode_after_title":"","ocean_shortcode_before_footer_widgets":"","ocean_shortcode_after_footer_widgets":"","ocean_shortcode_before_footer_bottom":"","ocean_shortcode_after_footer_bottom":"","ocean_display_top_bar":"default","ocean_display_header":"default","ocean_header_style":"","ocean_center_header_left_menu":"0","ocean_custom_header_template":"0","ocean_custom_logo":0,"ocean_custom_retina_logo":0,"ocean_custom_logo_max_width":0,"ocean_custom_logo_tablet_max_width":0,"ocean_custom_logo_mobile_max_width":0,"ocean_custom_logo_max_height":0,"ocean_custom_logo_tablet_max_height":0,"ocean_custom_logo_mobile_max_height":0,"ocean_header_custom_menu":"0","ocean_menu_typo_font_family":"0","ocean_menu_typo_font_subset":"","ocean_menu_typo_font_size":0,"ocean_menu_typo_font_size_tablet":0,"ocean_menu_typo_font_size_mobile":0,"ocean_menu_typo_font_size_unit":"px","ocean_menu_typo_font_weight":"","ocean_menu_typo_font_weight_tablet":"","ocean_menu_typo_font_weight_mobile":"","ocean_menu_typo_transform":"","ocean_menu_typo_transform_tablet":"","ocean_menu_typo_transform_mobile":"","ocean_menu_typo_line_height":0,"ocean_menu_typo_line_height_tablet":0,"ocean_menu_typo_line_height_mobile":0,"ocean_menu_typo_line_height_unit":"","ocean_menu_typo_spacing":0,"ocean_menu_typo_spacing_tablet":0,"ocean_menu_typo_spacing_mobile":0,"ocean_menu_typo_spacing_unit":"","ocean_menu_link_color":"","ocean_menu_link_color_hover":"","ocean_menu_link_color_active":"","ocean_menu_link_background":"","ocean_menu_link_hover_background":"","ocean_menu_link_active_background":"","ocean_menu_social_links_bg":"","ocean_menu_social_hover_links_bg":"","ocean_menu_social_links_color":"","ocean_menu_social_hover_links_color":"","ocean_disable_title":"default","ocean_disable_heading":"default","ocean_post_title":"","ocean_post_subheading":"","ocean_post_title_style":"","ocean_post_title_background_color":"","ocean_post_title_background":0,"ocean_post_title_bg_image_position":"","ocean_post_title_bg_image_attachment":"","ocean_post_title_bg_image_repeat":"","ocean_post_title_bg_image_size":"","ocean_post_title_height":0,"ocean_post_title_bg_overlay":0.5,"ocean_post_title_bg_overlay_color":"","ocean_disable_breadcrumbs":"default","ocean_breadcrumbs_color":"","ocean_breadcrumbs_separator_color":"","ocean_breadcrumbs_links_color":"","ocean_breadcrumbs_links_hover_color":"","ocean_display_footer_widgets":"default","ocean_display_footer_bottom":"default","ocean_custom_footer_template":"0","footnotes":""},"class_list":["post-535","page","type-page","status-publish","hentry","entry"],"yoast_head":"<!-- This site is optimized with the Yoast SEO plugin v26.1.1 - https:\/\/yoast.com\/wordpress\/plugins\/seo\/ -->\n<title>CURSOS Y TALLERES - El Arte del Bons\u00e1i en Bilbao | Blog de Beti Andres<\/title>\n<meta name=\"description\" content=\"Cursos y Talleres de Bonsai 2018-2019 en Bonsai Center Sopelana. Progrmas de formaci\u00f3n y entretenimiento en el cuidado de bonsai.\" \/>\n<meta name=\"robots\" content=\"index, follow, max-snippet:-1, max-image-preview:large, max-video-preview:-1\" \/>\n<link rel=\"canonical\" href=\"https:\/\/www.bonsaicenter.es\/blog\/cursos\/\" \/>\n<meta property=\"og:locale\" content=\"es_ES\" \/>\n<meta property=\"og:type\" content=\"article\" \/>\n<meta property=\"og:title\" content=\"CURSOS Y TALLERES - El Arte del Bons\u00e1i en Bilbao | Blog de Beti Andres\" \/>\n<meta property=\"og:description\" content=\"Cursos y Talleres de Bonsai 2018-2019 en Bonsai Center Sopelana. Progrmas de formaci\u00f3n y entretenimiento en el cuidado de bonsai.\" \/>\n<meta property=\"og:url\" content=\"https:\/\/www.bonsaicenter.es\/blog\/cursos\/\" \/>\n<meta property=\"og:site_name\" content=\"El Arte del Bons\u00e1i en Bilbao | Blog de Beti Andres\" \/>\n<meta property=\"article:publisher\" content=\"https:\/\/www.facebook.com\/BonsaiCenterSopelana\/\" \/>\n<meta property=\"article:modified_time\" content=\"2020-07-17T15:02:13+00:00\" \/>\n<meta property=\"og:image\" content=\"https:\/\/www.bonsaicenter.es\/blog\/wp-content\/uploads\/2020\/07\/CURSO-BONSAI.png\" \/>\n<meta name=\"twitter:card\" content=\"summary_large_image\" \/>\n<meta name=\"twitter:site\" content=\"@bonsaisopelana\" \/>\n<meta name=\"twitter:label1\" content=\"Tiempo de lectura\" \/>\n\t<meta name=\"twitter:data1\" content=\"1 minuto\" \/>\n<!-- \/ Yoast SEO plugin. -->","yoast_head_json":{"title":"CURSOS Y TALLERES - El Arte del Bons\u00e1i en Bilbao | Blog de Beti Andres","description":"Cursos y Talleres de Bonsai 2018-2019 en Bonsai Center Sopelana. Progrmas de formaci\u00f3n y entretenimiento en el cuidado de bonsai.","robots":{"index":"index","follow":"follow","max-snippet":"max-snippet:-1","max-image-preview":"max-image-preview:large","max-video-preview":"max-video-preview:-1"},"canonical":"https:\/\/www.bonsaicenter.es\/blog\/cursos\/","og_locale":"es_ES","og_type":"article","og_title":"CURSOS Y TALLERES - El Arte del Bons\u00e1i en Bilbao | Blog de Beti Andres","og_description":"Cursos y Talleres de Bonsai 2018-2019 en Bonsai Center Sopelana. Progrmas de formaci\u00f3n y entretenimiento en el cuidado de bonsai.","og_url":"https:\/\/www.bonsaicenter.es\/blog\/cursos\/","og_site_name":"El Arte del Bons\u00e1i en Bilbao | Blog de Beti Andres","article_publisher":"https:\/\/www.facebook.com\/BonsaiCenterSopelana\/","article_modified_time":"2020-07-17T15:02:13+00:00","og_image":[{"url":"https:\/\/www.bonsaicenter.es\/blog\/wp-content\/uploads\/2020\/07\/CURSO-BONSAI.png","type":"","width":"","height":""}],"twitter_card":"summary_large_image","twitter_site":"@bonsaisopelana","twitter_misc":{"Tiempo de lectura":"1 minuto"},"schema":{"@context":"https:\/\/schema.org","@graph":[{"@type":"WebPage","@id":"https:\/\/www.bonsaicenter.es\/blog\/cursos\/","url":"https:\/\/www.bonsaicenter.es\/blog\/cursos\/","name":"CURSOS Y TALLERES - El Arte del Bons\u00e1i en Bilbao | Blog de Beti Andres","isPartOf":{"@id":"https:\/\/www.bonsaicenter.es\/blog\/#website"},"primaryImageOfPage":{"@id":"https:\/\/www.bonsaicenter.es\/blog\/cursos\/#primaryimage"},"image":{"@id":"https:\/\/www.bonsaicenter.es\/blog\/cursos\/#primaryimage"},"thumbnailUrl":"https:\/\/www.bonsaicenter.es\/blog\/wp-content\/uploads\/2020\/07\/CURSO-BONSAI.png","datePublished":"2016-01-08T13:57:00+00:00","dateModified":"2020-07-17T15:02:13+00:00","description":"Cursos y Talleres de Bonsai 2018-2019 en Bonsai Center Sopelana. Progrmas de formaci\u00f3n y entretenimiento en el cuidado de bonsai.","breadcrumb":{"@id":"https:\/\/www.bonsaicenter.es\/blog\/cursos\/#breadcrumb"},"inLanguage":"es","potentialAction":[{"@type":"ReadAction","target":["https:\/\/www.bonsaicenter.es\/blog\/cursos\/"]}]},{"@type":"ImageObject","inLanguage":"es","@id":"https:\/\/www.bonsaicenter.es\/blog\/cursos\/#primaryimage","url":"https:\/\/www.bonsaicenter.es\/blog\/wp-content\/uploads\/2020\/07\/CURSO-BONSAI.png","contentUrl":"https:\/\/www.bonsaicenter.es\/blog\/wp-content\/uploads\/2020\/07\/CURSO-BONSAI.png","width":940,"height":788},{"@type":"BreadcrumbList","@id":"https:\/\/www.bonsaicenter.es\/blog\/cursos\/#breadcrumb","itemListElement":[{"@type":"ListItem","position":1,"name":"Portada","item":"https:\/\/www.bonsaicenter.es\/blog\/"},{"@type":"ListItem","position":2,"name":"CURSOS Y TALLERES"}]},{"@type":"WebSite","@id":"https:\/\/www.bonsaicenter.es\/blog\/#website","url":"https:\/\/www.bonsaicenter.es\/blog\/","name":"El Arte del Bons\u00e1i en Bilbao | Blog de Beti Andres","description":"Bons\u00e1i Center Sopelana","potentialAction":[{"@type":"SearchAction","target":{"@type":"EntryPoint","urlTemplate":"https:\/\/www.bonsaicenter.es\/blog\/?s={search_term_string}"},"query-input":{"@type":"PropertyValueSpecification","valueRequired":true,"valueName":"search_term_string"}}],"inLanguage":"es"}]}},"_links":{"self":[{"href":"https:\/\/www.bonsaicenter.es\/blog\/wp-json\/wp\/v2\/pages\/535","targetHints":{"allow":["GET"]}}],"collection":[{"href":"https:\/\/www.bonsaicenter.es\/blog\/wp-json\/wp\/v2\/pages"}],"about":[{"href":"https:\/\/www.bonsaicenter.es\/blog\/wp-json\/wp\/v2\/types\/page"}],"author":[{"embeddable":true,"href":"https:\/\/www.bonsaicenter.es\/blog\/wp-json\/wp\/v2\/users\/2"}],"replies":[{"embeddable":true,"href":"https:\/\/www.bonsaicenter.es\/blog\/wp-json\/wp\/v2\/comments?post=535"}],"version-history":[{"count":0,"href":"https:\/\/www.bonsaicenter.es\/blog\/wp-json\/wp\/v2\/pages\/535\/revisions"}],"wp:attachment":[{"href":"https:\/\/www.bonsaicenter.es\/blog\/wp-json\/wp\/v2\/media?parent=535"}],"curies":[{"name":"wp","href":"https:\/\/api.w.org\/{rel}","templated":true}]}}