{"id":529,"date":"2019-04-09T10:50:00","date_gmt":"2019-04-09T09:50:00","guid":{"rendered":"https:\/\/www.bonsaicenter.es\/blog\/calendario\/"},"modified":"2025-05-09T09:21:56","modified_gmt":"2025-05-09T08:21:56","slug":"calendario","status":"publish","type":"page","link":"https:\/\/www.bonsaicenter.es\/blog\/calendario\/","title":{"rendered":"CALENDARIO"},"content":{"rendered":"<div>\n<div class=\"separator\" style=\"text-align: center;\">En Bons\u00e1i Center Sopelana ofrecemos actividades durante todo a\u00f1o.<\/div>\n<div class=\"separator\" style=\"text-align: center;\">Consulta nuestro calendario de Talleres de Bons\u00e1is y disfruta con otros aficionados de este arte japon\u00e9s.<\/div>\n<div>Talleres, Cursos s\u00e1bados o domingos avanzados y de iniciaci\u00f3n. Consulta las fechas de cada clase.<\/div>\n<\/div>\n<div>\u00a0<\/div>\n<div>\u00a0<\/div>\n<div>\u00a0<\/div>\n<div><img fetchpriority=\"high\" decoding=\"async\" class=\"aligncenter size-large wp-image-9841\" src=\"https:\/\/www.bonsaicenter.es\/blog\/wp-content\/uploads\/2025\/05\/septiembre-2025-1024x571.png\" alt=\"\" width=\"1024\" height=\"571\" srcset=\"https:\/\/www.bonsaicenter.es\/blog\/wp-content\/uploads\/2025\/05\/septiembre-2025-1024x571.png 1024w, https:\/\/www.bonsaicenter.es\/blog\/wp-content\/uploads\/2025\/05\/septiembre-2025-768x428.png 768w, https:\/\/www.bonsaicenter.es\/blog\/wp-content\/uploads\/2025\/05\/septiembre-2025-1536x856.png 1536w, https:\/\/www.bonsaicenter.es\/blog\/wp-content\/uploads\/2025\/05\/septiembre-2025.png 1771w\" sizes=\"(max-width: 1024px) 100vw, 1024px\" \/><\/div>\n<div class=\"separator\" style=\"clear: both; text-align: center;\"><img decoding=\"async\" class=\"aligncenter size-large wp-image-9842\" src=\"https:\/\/www.bonsaicenter.es\/blog\/wp-content\/uploads\/2025\/05\/octubre-2025-1024x571.png\" alt=\"\" width=\"1024\" height=\"571\" srcset=\"https:\/\/www.bonsaicenter.es\/blog\/wp-content\/uploads\/2025\/05\/octubre-2025-1024x571.png 1024w, https:\/\/www.bonsaicenter.es\/blog\/wp-content\/uploads\/2025\/05\/octubre-2025-768x428.png 768w, https:\/\/www.bonsaicenter.es\/blog\/wp-content\/uploads\/2025\/05\/octubre-2025-1536x856.png 1536w, https:\/\/www.bonsaicenter.es\/blog\/wp-content\/uploads\/2025\/05\/octubre-2025.png 1771w\" sizes=\"(max-width: 1024px) 100vw, 1024px\" \/><\/div>\n<div class=\"separator\" style=\"clear: both; text-align: center;\">\u00a0<\/div>\n<div class=\"separator\" style=\"clear: both; text-align: center;\"><img decoding=\"async\" class=\"aligncenter size-large wp-image-9844\" src=\"https:\/\/www.bonsaicenter.es\/blog\/wp-content\/uploads\/2025\/05\/noviembre-2025-1-1024x580.png\" alt=\"\" width=\"1024\" height=\"580\" srcset=\"https:\/\/www.bonsaicenter.es\/blog\/wp-content\/uploads\/2025\/05\/noviembre-2025-1-1024x580.png 1024w, https:\/\/www.bonsaicenter.es\/blog\/wp-content\/uploads\/2025\/05\/noviembre-2025-1-768x435.png 768w, https:\/\/www.bonsaicenter.es\/blog\/wp-content\/uploads\/2025\/05\/noviembre-2025-1-1536x869.png 1536w, https:\/\/www.bonsaicenter.es\/blog\/wp-content\/uploads\/2025\/05\/noviembre-2025-1.png 1744w\" sizes=\"(max-width: 1024px) 100vw, 1024px\" \/><\/div>\n<div class=\"separator\" style=\"clear: both; text-align: center;\"><img loading=\"lazy\" decoding=\"async\" class=\"aligncenter size-large wp-image-9845\" src=\"https:\/\/www.bonsaicenter.es\/blog\/wp-content\/uploads\/2025\/05\/diciembre-2025-1024x571.png\" alt=\"\" width=\"1024\" height=\"571\" srcset=\"https:\/\/www.bonsaicenter.es\/blog\/wp-content\/uploads\/2025\/05\/diciembre-2025-1024x571.png 1024w, https:\/\/www.bonsaicenter.es\/blog\/wp-content\/uploads\/2025\/05\/diciembre-2025-768x428.png 768w, https:\/\/www.bonsaicenter.es\/blog\/wp-content\/uploads\/2025\/05\/diciembre-2025-1536x856.png 1536w, https:\/\/www.bonsaicenter.es\/blog\/wp-content\/uploads\/2025\/05\/diciembre-2025.png 1771w\" sizes=\"(max-width: 1024px) 100vw, 1024px\" \/><\/div>\n\n\n<figure class=\"wp-block-image size-large\"><img loading=\"lazy\" decoding=\"async\" width=\"1024\" height=\"571\" src=\"https:\/\/www.bonsaicenter.es\/blog\/wp-content\/uploads\/2025\/05\/enero-2026-1024x571.png\" alt=\"\" class=\"wp-image-9846\" srcset=\"https:\/\/www.bonsaicenter.es\/blog\/wp-content\/uploads\/2025\/05\/enero-2026-1024x571.png 1024w, https:\/\/www.bonsaicenter.es\/blog\/wp-content\/uploads\/2025\/05\/enero-2026-768x428.png 768w, https:\/\/www.bonsaicenter.es\/blog\/wp-content\/uploads\/2025\/05\/enero-2026-1536x856.png 1536w, https:\/\/www.bonsaicenter.es\/blog\/wp-content\/uploads\/2025\/05\/enero-2026.png 1771w\" sizes=\"(max-width: 1024px) 100vw, 1024px\" \/><\/figure>\n\n\n\n<figure class=\"wp-block-image size-large\"><img loading=\"lazy\" decoding=\"async\" width=\"1024\" height=\"580\" src=\"https:\/\/www.bonsaicenter.es\/blog\/wp-content\/uploads\/2025\/05\/febrero-2026-1024x580.png\" alt=\"\" class=\"wp-image-9847\" srcset=\"https:\/\/www.bonsaicenter.es\/blog\/wp-content\/uploads\/2025\/05\/febrero-2026-1024x580.png 1024w, https:\/\/www.bonsaicenter.es\/blog\/wp-content\/uploads\/2025\/05\/febrero-2026-768x435.png 768w, https:\/\/www.bonsaicenter.es\/blog\/wp-content\/uploads\/2025\/05\/febrero-2026-1536x869.png 1536w, https:\/\/www.bonsaicenter.es\/blog\/wp-content\/uploads\/2025\/05\/febrero-2026.png 1744w\" sizes=\"(max-width: 1024px) 100vw, 1024px\" \/><\/figure>\n","protected":false},"excerpt":{"rendered":"<p>En Bons\u00e1i Center Sopelana ofrecemos actividades durante todo a\u00f1o. Consulta nuestro calendario de Talleres de Bons\u00e1is y disfruta con otros aficionados de este arte japon\u00e9s. Talleres, Cursos s\u00e1bados o domingos avanzados y de iniciaci\u00f3n. Consulta las fechas de cada clase. \u00a0 \u00a0 \u00a0 \u00a0<\/p>\n","protected":false},"author":2,"featured_media":0,"parent":0,"menu_order":0,"comment_status":"closed","ping_status":"closed","template":"","meta":{"ocean_post_layout":"","ocean_both_sidebars_style":"","ocean_both_sidebars_content_width":0,"ocean_both_sidebars_sidebars_width":0,"ocean_sidebar":"0","ocean_second_sidebar":"0","ocean_disable_margins":"enable","ocean_add_body_class":"","ocean_shortcode_before_top_bar":"","ocean_shortcode_after_top_bar":"","ocean_shortcode_before_header":"","ocean_shortcode_after_header":"","ocean_has_shortcode":"","ocean_shortcode_after_title":"","ocean_shortcode_before_footer_widgets":"","ocean_shortcode_after_footer_widgets":"","ocean_shortcode_before_footer_bottom":"","ocean_shortcode_after_footer_bottom":"","ocean_display_top_bar":"default","ocean_display_header":"default","ocean_header_style":"","ocean_center_header_left_menu":"0","ocean_custom_header_template":"0","ocean_custom_logo":0,"ocean_custom_retina_logo":0,"ocean_custom_logo_max_width":0,"ocean_custom_logo_tablet_max_width":0,"ocean_custom_logo_mobile_max_width":0,"ocean_custom_logo_max_height":0,"ocean_custom_logo_tablet_max_height":0,"ocean_custom_logo_mobile_max_height":0,"ocean_header_custom_menu":"0","ocean_menu_typo_font_family":"0","ocean_menu_typo_font_subset":"","ocean_menu_typo_font_size":0,"ocean_menu_typo_font_size_tablet":0,"ocean_menu_typo_font_size_mobile":0,"ocean_menu_typo_font_size_unit":"px","ocean_menu_typo_font_weight":"","ocean_menu_typo_font_weight_tablet":"","ocean_menu_typo_font_weight_mobile":"","ocean_menu_typo_transform":"","ocean_menu_typo_transform_tablet":"","ocean_menu_typo_transform_mobile":"","ocean_menu_typo_line_height":0,"ocean_menu_typo_line_height_tablet":0,"ocean_menu_typo_line_height_mobile":0,"ocean_menu_typo_line_height_unit":"","ocean_menu_typo_spacing":0,"ocean_menu_typo_spacing_tablet":0,"ocean_menu_typo_spacing_mobile":0,"ocean_menu_typo_spacing_unit":"","ocean_menu_link_color":"","ocean_menu_link_color_hover":"","ocean_menu_link_color_active":"","ocean_menu_link_background":"","ocean_menu_link_hover_background":"","ocean_menu_link_active_background":"","ocean_menu_social_links_bg":"","ocean_menu_social_hover_links_bg":"","ocean_menu_social_links_color":"","ocean_menu_social_hover_links_color":"","ocean_disable_title":"default","ocean_disable_heading":"default","ocean_post_title":"","ocean_post_subheading":"","ocean_post_title_style":"","ocean_post_title_background_color":"","ocean_post_title_background":0,"ocean_post_title_bg_image_position":"","ocean_post_title_bg_image_attachment":"","ocean_post_title_bg_image_repeat":"","ocean_post_title_bg_image_size":"","ocean_post_title_height":0,"ocean_post_title_bg_overlay":0.5,"ocean_post_title_bg_overlay_color":"","ocean_disable_breadcrumbs":"default","ocean_breadcrumbs_color":"","ocean_breadcrumbs_separator_color":"","ocean_breadcrumbs_links_color":"","ocean_breadcrumbs_links_hover_color":"","ocean_display_footer_widgets":"default","ocean_display_footer_bottom":"default","ocean_custom_footer_template":"0","footnotes":""},"class_list":["post-529","page","type-page","status-publish","hentry","entry"],"yoast_head":"<!-- This site is optimized with the Yoast SEO plugin v26.1.1 - https:\/\/yoast.com\/wordpress\/plugins\/seo\/ -->\n<title>CALENDARIO - El Arte del Bons\u00e1i en Bilbao | Blog de Beti Andres<\/title>\n<meta name=\"description\" content=\"En Bonsai Center Sopelana ofrecemos actividades durante todo a\u00f1o. Consulta nuestro calendario de Talleres de Bons\u00e1is y disfruta con otros aficionados de este arte japon\u00e9s.\" \/>\n<meta name=\"robots\" content=\"index, follow, max-snippet:-1, max-image-preview:large, max-video-preview:-1\" \/>\n<link rel=\"canonical\" href=\"https:\/\/www.bonsaicenter.es\/blog\/calendario\/\" \/>\n<meta property=\"og:locale\" content=\"es_ES\" \/>\n<meta property=\"og:type\" content=\"article\" \/>\n<meta property=\"og:title\" content=\"CALENDARIO - El Arte del Bons\u00e1i en Bilbao | Blog de Beti Andres\" \/>\n<meta property=\"og:description\" content=\"En Bonsai Center Sopelana ofrecemos actividades durante todo a\u00f1o. Consulta nuestro calendario de Talleres de Bons\u00e1is y disfruta con otros aficionados de este arte japon\u00e9s.\" \/>\n<meta property=\"og:url\" content=\"https:\/\/www.bonsaicenter.es\/blog\/calendario\/\" \/>\n<meta property=\"og:site_name\" content=\"El Arte del Bons\u00e1i en Bilbao | Blog de Beti Andres\" \/>\n<meta property=\"article:publisher\" content=\"https:\/\/www.facebook.com\/BonsaiCenterSopelana\/\" \/>\n<meta property=\"article:modified_time\" content=\"2025-05-09T08:21:56+00:00\" \/>\n<meta property=\"og:image\" content=\"https:\/\/www.bonsaicenter.es\/blog\/wp-content\/uploads\/2025\/05\/septiembre-2025-1024x571.png\" \/>\n<meta name=\"twitter:card\" content=\"summary_large_image\" \/>\n<meta name=\"twitter:site\" content=\"@bonsaisopelana\" \/>\n<meta name=\"twitter:label1\" content=\"Tiempo de lectura\" \/>\n\t<meta name=\"twitter:data1\" content=\"2 minutos\" \/>\n<!-- \/ Yoast SEO plugin. -->","yoast_head_json":{"title":"CALENDARIO - El Arte del Bons\u00e1i en Bilbao | Blog de Beti Andres","description":"En Bonsai Center Sopelana ofrecemos actividades durante todo a\u00f1o. Consulta nuestro calendario de Talleres de Bons\u00e1is y disfruta con otros aficionados de este arte japon\u00e9s.","robots":{"index":"index","follow":"follow","max-snippet":"max-snippet:-1","max-image-preview":"max-image-preview:large","max-video-preview":"max-video-preview:-1"},"canonical":"https:\/\/www.bonsaicenter.es\/blog\/calendario\/","og_locale":"es_ES","og_type":"article","og_title":"CALENDARIO - El Arte del Bons\u00e1i en Bilbao | Blog de Beti Andres","og_description":"En Bonsai Center Sopelana ofrecemos actividades durante todo a\u00f1o. Consulta nuestro calendario de Talleres de Bons\u00e1is y disfruta con otros aficionados de este arte japon\u00e9s.","og_url":"https:\/\/www.bonsaicenter.es\/blog\/calendario\/","og_site_name":"El Arte del Bons\u00e1i en Bilbao | Blog de Beti Andres","article_publisher":"https:\/\/www.facebook.com\/BonsaiCenterSopelana\/","article_modified_time":"2025-05-09T08:21:56+00:00","og_image":[{"url":"https:\/\/www.bonsaicenter.es\/blog\/wp-content\/uploads\/2025\/05\/septiembre-2025-1024x571.png","type":"","width":"","height":""}],"twitter_card":"summary_large_image","twitter_site":"@bonsaisopelana","twitter_misc":{"Tiempo de lectura":"2 minutos"},"schema":{"@context":"https:\/\/schema.org","@graph":[{"@type":"WebPage","@id":"https:\/\/www.bonsaicenter.es\/blog\/calendario\/","url":"https:\/\/www.bonsaicenter.es\/blog\/calendario\/","name":"CALENDARIO - El Arte del Bons\u00e1i en Bilbao | Blog de Beti Andres","isPartOf":{"@id":"https:\/\/www.bonsaicenter.es\/blog\/#website"},"primaryImageOfPage":{"@id":"https:\/\/www.bonsaicenter.es\/blog\/calendario\/#primaryimage"},"image":{"@id":"https:\/\/www.bonsaicenter.es\/blog\/calendario\/#primaryimage"},"thumbnailUrl":"https:\/\/www.bonsaicenter.es\/blog\/wp-content\/uploads\/2025\/05\/septiembre-2025-1024x571.png","datePublished":"2019-04-09T09:50:00+00:00","dateModified":"2025-05-09T08:21:56+00:00","description":"En Bonsai Center Sopelana ofrecemos actividades durante todo a\u00f1o. Consulta nuestro calendario de Talleres de Bons\u00e1is y disfruta con otros aficionados de este arte japon\u00e9s.","breadcrumb":{"@id":"https:\/\/www.bonsaicenter.es\/blog\/calendario\/#breadcrumb"},"inLanguage":"es","potentialAction":[{"@type":"ReadAction","target":["https:\/\/www.bonsaicenter.es\/blog\/calendario\/"]}]},{"@type":"ImageObject","inLanguage":"es","@id":"https:\/\/www.bonsaicenter.es\/blog\/calendario\/#primaryimage","url":"https:\/\/www.bonsaicenter.es\/blog\/wp-content\/uploads\/2025\/05\/septiembre-2025.png","contentUrl":"https:\/\/www.bonsaicenter.es\/blog\/wp-content\/uploads\/2025\/05\/septiembre-2025.png","width":1771,"height":987},{"@type":"BreadcrumbList","@id":"https:\/\/www.bonsaicenter.es\/blog\/calendario\/#breadcrumb","itemListElement":[{"@type":"ListItem","position":1,"name":"Portada","item":"https:\/\/www.bonsaicenter.es\/blog\/"},{"@type":"ListItem","position":2,"name":"CALENDARIO"}]},{"@type":"WebSite","@id":"https:\/\/www.bonsaicenter.es\/blog\/#website","url":"https:\/\/www.bonsaicenter.es\/blog\/","name":"El Arte del Bons\u00e1i en Bilbao | Blog de Beti Andres","description":"Bons\u00e1i Center Sopelana","potentialAction":[{"@type":"SearchAction","target":{"@type":"EntryPoint","urlTemplate":"https:\/\/www.bonsaicenter.es\/blog\/?s={search_term_string}"},"query-input":{"@type":"PropertyValueSpecification","valueRequired":true,"valueName":"search_term_string"}}],"inLanguage":"es"}]}},"_links":{"self":[{"href":"https:\/\/www.bonsaicenter.es\/blog\/wp-json\/wp\/v2\/pages\/529","targetHints":{"allow":["GET"]}}],"collection":[{"href":"https:\/\/www.bonsaicenter.es\/blog\/wp-json\/wp\/v2\/pages"}],"about":[{"href":"https:\/\/www.bonsaicenter.es\/blog\/wp-json\/wp\/v2\/types\/page"}],"author":[{"embeddable":true,"href":"https:\/\/www.bonsaicenter.es\/blog\/wp-json\/wp\/v2\/users\/2"}],"replies":[{"embeddable":true,"href":"https:\/\/www.bonsaicenter.es\/blog\/wp-json\/wp\/v2\/comments?post=529"}],"version-history":[{"count":0,"href":"https:\/\/www.bonsaicenter.es\/blog\/wp-json\/wp\/v2\/pages\/529\/revisions"}],"wp:attachment":[{"href":"https:\/\/www.bonsaicenter.es\/blog\/wp-json\/wp\/v2\/media?parent=529"}],"curies":[{"name":"wp","href":"https:\/\/api.w.org\/{rel}","templated":true}]}}