{"id":528,"date":"2019-04-09T14:48:00","date_gmt":"2019-04-09T13:48:00","guid":{"rendered":"https:\/\/www.bonsaicenter.es\/blog\/servicios\/"},"modified":"2019-04-25T12:21:46","modified_gmt":"2019-04-25T11:21:46","slug":"servicios","status":"publish","type":"page","link":"https:\/\/www.bonsaicenter.es\/blog\/servicios\/","title":{"rendered":"SERVICIOS"},"content":{"rendered":"<p>&nbsp;<\/p>\n<h1 class=\"MsoNormal\" style=\"text-align: center;\" align=\"center\"><b style=\"mso-bidi-font-weight: normal;\"><u><span style=\"font-size: 16.0pt; line-height: 115%;\">SERVICIO DE GUARDER\u00cdA<\/span><\/u><\/b><\/h1>\n<div class=\"MsoNormal\" style=\"text-align: center;\" align=\"center\"><\/div>\n<div class=\"MsoNormal\">Cuidamos de tu bons\u00e1i cuando no puedas hacerte cargo de \u00e9l. Para vacaciones de verano, navidad, semana santa, estancias cortas, cambio de casa, si viajas peri\u00f3dicamente\u2026 Este servicio incluye, cuidados, generales, fumigados, podas, riegos y abonados durante la estancia del bons\u00e1i en nuestrasinstalaciones.<\/div>\n<div><\/div>\n<div class=\"MsoNormal\"><b style=\"mso-bidi-font-weight: normal;\"><span style=\"font-size: 14.0pt; line-height: 115%;\">PRECIO:<\/span><\/b> 0,75 euros por d\u00eda<\/div>\n<div class=\"MsoNormal\"><b style=\"mso-bidi-font-weight: normal;\"><span style=\"font-size: 14.0pt; line-height: 115%;\">Periodos inferiores a 10 d\u00edas<\/span><\/b>: 1 euro diario.<\/div>\n<div class=\"MsoNormal\"><\/div>\n<div class=\"MsoNormal\" style=\"text-align: center;\" align=\"center\"><b style=\"mso-bidi-font-weight: normal;\"><u><span style=\"font-size: 16.0pt; line-height: 115%;\">SERVICIO DE CUIDADOS<\/span><\/u><\/b><\/div>\n<div class=\"MsoNormal\" style=\"text-align: center;\" align=\"center\"><b style=\"mso-bidi-font-weight: normal;\"><u><span style=\"font-size: 16.0pt; line-height: 115%;\">\u00a0<\/span><\/u><\/b><\/div>\n<div class=\"MsoNormal\">Si notas que tu bons\u00e1i no est\u00e1 bien, que tiene mal color, que brota d\u00e9bil o triste ac\u00e9rcate a nuestras instalaciones y d\u00e9jalo en nuestro servicio de cuidados.<span style=\"mso-spacerun: yes;\">\u00a0 <\/span>Solo te cobraremos si recuperamos tu bons\u00e1i.<span style=\"mso-spacerun: yes;\">\u00a0 <\/span>En caso contrario el servicio es gratuito.<\/div>\n<div class=\"MsoNormal\"><strong>PRECIO: entre<span style=\"mso-spacerun: yes;\">\u00a0 <\/span>15 y 20 euros<\/strong> por bons\u00e1i dependiendo de los d\u00edas de estancia y de los productos aplicados.<\/div>\n<div class=\"MsoNormal\">Si una vez sanado necesita trasplante, poda o alambrado se a\u00f1adir\u00e1 a la tarifa del servicio de cuidados la tarifa correspondiente a la t\u00e9cnica aplicada en tu bons\u00e1i.<\/div>\n<div class=\"MsoNormal\"><\/div>\n<div class=\"MsoNormal\" style=\"text-align: center;\" align=\"center\"><b style=\"mso-bidi-font-weight: normal;\"><u><span style=\"font-size: 16.0pt; line-height: 115%;\">T\u00c9CNICAS DE BONS\u00c1I<\/span><\/u><\/b><\/div>\n<div class=\"MsoNormal\" style=\"text-align: center;\" align=\"center\"><b style=\"mso-bidi-font-weight: normal;\"><u><span style=\"font-size: 16.0pt; line-height: 115%;\">\u00a0<\/span><\/u><\/b><\/div>\n<div class=\"MsoNormal\" style=\"text-align: center;\" align=\"center\"><span style=\"font-size: small;\"><span style=\"line-height: 115%;\">Los bons\u00e1is permanecer\u00e1n en nuestras instalaciones el tiempo necesario para saber con certeza que el bons\u00e1i esta en \u00f3ptimas condiciones.<\/span><\/span><\/div>\n<div class=\"MsoNormal\" style=\"text-align: center;\" align=\"center\"><span style=\"font-size: small;\"><span style=\"line-height: 115%;\">Por este motivo no aplicaremos cargos aparte de los citados a continuaci\u00f3n.<\/span><\/span><\/div>\n<div class=\"MsoNormal\" style=\"text-align: center;\" align=\"center\"><b style=\"mso-bidi-font-weight: normal;\"><u><span style=\"font-size: 16.0pt; line-height: 115%;\">\u00a0<\/span><\/u><\/b><\/div>\n<div class=\"MsoNormal\" style=\"text-align: center;\"><b style=\"mso-bidi-font-weight: normal;\"><span style=\"font-size: 14.0pt; line-height: 115%;\">PODA:<\/span><\/b><\/div>\n<div class=\"MsoNormal\"><\/div>\n<div class=\"MsoNormal\">Entre 6 y 30 euros dependiendo si es poda de estructuraci\u00f3n o poda de mantenimiento refinado (poda ligera, pinzados y defoliados).<\/div>\n<div class=\"MsoNormal\"><\/div>\n<div class=\"MsoNormal\" style=\"text-align: center;\"><b style=\"mso-bidi-font-weight: normal;\"><span style=\"font-size: 14.0pt; line-height: 115%;\">ALAMBRADO: <\/span><\/b><\/div>\n<div class=\"MsoNormal\"><\/div>\n<div class=\"MsoNormal\">Dependiendo del tama\u00f1o del bons\u00e1i se aplica tarifa por horas y por cantidad de alambre consumido, diferenciando si se alambra con aluminio o con cobre.<\/div>\n<div class=\"MsoNormal\"><\/div>\n<div class=\"MsoNormal\" style=\"text-align: center;\"><b style=\"mso-bidi-font-weight: normal;\"><span style=\"font-size: 14.0pt; line-height: 115%;\">TRASPLANTE: <\/span><\/b><\/div>\n<div class=\"MsoNormal\" style=\"text-align: center;\"><b><u>Seg\u00fan el <span style=\"mso-spacerun: yes;\">\u00a0<\/span>tama\u00f1o de tu bons\u00e1i\u00a0<\/u><\/b><\/div>\n<div class=\"MsoNormal\"><\/div>\n<div class=\"MsoNormal\" style=\"margin-left: 70.8pt;\">Macetas e 0 a 16 cm: 12 euros<\/div>\n<div class=\"MsoNormal\" style=\"margin-left: 70.8pt;\">Macetas de 16 a 30 cm: 18 euros<\/div>\n<div class=\"MsoNormal\" style=\"margin-left: 70.8pt;\">Macetas de 31 cm a 50 cm: 25<br \/>\neuros<\/div>\n<div class=\"MsoNormal\" style=\"margin-left: 70.8pt;\">Macetas de 51 cm en adelante:<br \/>\ndesde 70 euros<\/div>\n<div class=\"MsoNormal\" style=\"margin-left: 70.8pt;\"><\/div>\n<h2 class=\"MsoNormal\" style=\"margin-left: 70.8pt; text-align: center;\"><u><strong>\u00c9poca del a\u00f1o para que nos traigas tu bons\u00e1i a trasplantar<\/strong> <\/u><\/h2>\n<div class=\"MsoNormal\"><\/div>\n<p>&nbsp;<\/p>\n<blockquote class=\"tr_bq\">\n<blockquote class=\"tr_bq\">\n<blockquote class=\"tr_bq\">\n<div class=\"MsoListParagraphCxSpFirst\" style=\"mso-list: l0 level1 lfo1; text-indent: -18.0pt;\"><span style=\"mso-bidi-font-family: Calibri; mso-bidi-theme-font: minor-latin; mso-fareast-font-family: Calibri; mso-fareast-theme-font: minor-latin;\"><span style=\"mso-list: Ignore;\">1<span style=\"font: 7.0pt 'Times New Roman';\"><br \/>\n<\/span><\/span><\/span><b><u>Trasplante de Bons\u00e1is tropicales<\/u><\/b> (interior) y de <u><b>Bons\u00e1i Mediterr\u00e1neo<\/b><\/u> (Olivo, granado, higuera, alcornoque\u2026). Primavera un poco avanzada (mes de abril) hasta incluso junio.<\/div>\n<div class=\"MsoListParagraphCxSpMiddle\" style=\"mso-list: l0 level1 lfo1; text-indent: -18.0pt;\"><span style=\"mso-bidi-font-family: Calibri; mso-bidi-theme-font: minor-latin; mso-fareast-font-family: Calibri; mso-fareast-theme-font: minor-latin;\"><span style=\"mso-list: Ignore;\">2<span style=\"font: 7.0pt 'Times New Roman';\"><br \/>\n<\/span><\/span><\/span><u><b>Trasplante de Caducos<\/b><\/u>: cuando pierden la hoja tanto en oto\u00f1o como a finales de invierno, principios de primavera antes de que vuelvan a brotar.<\/div>\n<div class=\"MsoListParagraphCxSpMiddle\" style=\"mso-list: l0 level1 lfo1; text-indent: -18.0pt;\"><span style=\"mso-bidi-font-family: Calibri; mso-bidi-theme-font: minor-latin; mso-fareast-font-family: Calibri; mso-fareast-theme-font: minor-latin;\"><span style=\"mso-list: Ignore;\"><span style=\"font: 7.0pt 'Times New Roman';\"><span style=\"font-size: small;\">3<\/span><br \/>\n<\/span><\/span><\/span><u><b>Trasplante de con\u00edferas<\/b><\/u>: desde finales del invierno hasta principios de primavera. Tejos y jun\u00edperos pueden trasplantarse hasta un poco m\u00e1s tarde.<\/div>\n<div class=\"MsoListParagraphCxSpLast\" style=\"mso-list: l0 level1 lfo1; text-indent: -18.0pt;\"><span style=\"mso-bidi-font-family: Calibri; mso-bidi-theme-font: minor-latin; mso-fareast-font-family: Calibri; mso-fareast-theme-font: minor-latin;\"><span style=\"mso-list: Ignore;\">4<span style=\"font: 7.0pt 'Times New Roman';\"><br \/>\n<\/span><\/span><\/span><u><b>Trasplante de perennes<\/b><\/u>: Mismo caso que para las con\u00edferas y ambi\u00e9n en el oto\u00f1o.<\/div>\n<\/blockquote>\n<\/blockquote>\n<\/blockquote>\n","protected":false},"excerpt":{"rendered":"<p>&nbsp; SERVICIO DE GUARDER\u00cdA Cuidamos de tu bons\u00e1i cuando no puedas hacerte cargo de \u00e9l. Para vacaciones de verano, navidad, semana santa, estancias cortas, cambio de casa, si viajas peri\u00f3dicamente\u2026 Este servicio incluye, cuidados, generales, fumigados, podas, riegos y abonados durante la estancia del bons\u00e1i en nuestrasinstalaciones. PRECIO: 0,75 euros por d\u00eda Periodos inferiores a [&hellip;]<\/p>\n","protected":false},"author":2,"featured_media":0,"parent":0,"menu_order":0,"comment_status":"closed","ping_status":"closed","template":"","meta":{"ocean_post_layout":"","ocean_both_sidebars_style":"","ocean_both_sidebars_content_width":0,"ocean_both_sidebars_sidebars_width":0,"ocean_sidebar":"0","ocean_second_sidebar":"0","ocean_disable_margins":"enable","ocean_add_body_class":"","ocean_shortcode_before_top_bar":"","ocean_shortcode_after_top_bar":"","ocean_shortcode_before_header":"","ocean_shortcode_after_header":"","ocean_has_shortcode":"","ocean_shortcode_after_title":"","ocean_shortcode_before_footer_widgets":"","ocean_shortcode_after_footer_widgets":"","ocean_shortcode_before_footer_bottom":"","ocean_shortcode_after_footer_bottom":"","ocean_display_top_bar":"default","ocean_display_header":"default","ocean_header_style":"","ocean_center_header_left_menu":"0","ocean_custom_header_template":"0","ocean_custom_logo":0,"ocean_custom_retina_logo":0,"ocean_custom_logo_max_width":0,"ocean_custom_logo_tablet_max_width":0,"ocean_custom_logo_mobile_max_width":0,"ocean_custom_logo_max_height":0,"ocean_custom_logo_tablet_max_height":0,"ocean_custom_logo_mobile_max_height":0,"ocean_header_custom_menu":"0","ocean_menu_typo_font_family":"0","ocean_menu_typo_font_subset":"","ocean_menu_typo_font_size":0,"ocean_menu_typo_font_size_tablet":0,"ocean_menu_typo_font_size_mobile":0,"ocean_menu_typo_font_size_unit":"px","ocean_menu_typo_font_weight":"","ocean_menu_typo_font_weight_tablet":"","ocean_menu_typo_font_weight_mobile":"","ocean_menu_typo_transform":"","ocean_menu_typo_transform_tablet":"","ocean_menu_typo_transform_mobile":"","ocean_menu_typo_line_height":0,"ocean_menu_typo_line_height_tablet":0,"ocean_menu_typo_line_height_mobile":0,"ocean_menu_typo_line_height_unit":"","ocean_menu_typo_spacing":0,"ocean_menu_typo_spacing_tablet":0,"ocean_menu_typo_spacing_mobile":0,"ocean_menu_typo_spacing_unit":"","ocean_menu_link_color":"","ocean_menu_link_color_hover":"","ocean_menu_link_color_active":"","ocean_menu_link_background":"","ocean_menu_link_hover_background":"","ocean_menu_link_active_background":"","ocean_menu_social_links_bg":"","ocean_menu_social_hover_links_bg":"","ocean_menu_social_links_color":"","ocean_menu_social_hover_links_color":"","ocean_disable_title":"default","ocean_disable_heading":"default","ocean_post_title":"","ocean_post_subheading":"","ocean_post_title_style":"","ocean_post_title_background_color":"","ocean_post_title_background":0,"ocean_post_title_bg_image_position":"","ocean_post_title_bg_image_attachment":"","ocean_post_title_bg_image_repeat":"","ocean_post_title_bg_image_size":"","ocean_post_title_height":0,"ocean_post_title_bg_overlay":0.5,"ocean_post_title_bg_overlay_color":"","ocean_disable_breadcrumbs":"default","ocean_breadcrumbs_color":"","ocean_breadcrumbs_separator_color":"","ocean_breadcrumbs_links_color":"","ocean_breadcrumbs_links_hover_color":"","ocean_display_footer_widgets":"default","ocean_display_footer_bottom":"default","ocean_custom_footer_template":"0","footnotes":""},"class_list":["post-528","page","type-page","status-publish","hentry","entry"],"yoast_head":"<!-- This site is optimized with the Yoast SEO plugin v26.1.1 - https:\/\/yoast.com\/wordpress\/plugins\/seo\/ -->\n<title>SERVICIOS - El Arte del Bons\u00e1i en Bilbao | Blog de Beti Andres<\/title>\n<meta name=\"robots\" content=\"index, follow, max-snippet:-1, max-image-preview:large, max-video-preview:-1\" \/>\n<link rel=\"canonical\" href=\"https:\/\/www.bonsaicenter.es\/blog\/servicios\/\" \/>\n<meta property=\"og:locale\" content=\"es_ES\" \/>\n<meta property=\"og:type\" content=\"article\" \/>\n<meta property=\"og:title\" content=\"SERVICIOS - El Arte del Bons\u00e1i en Bilbao | Blog de Beti Andres\" \/>\n<meta property=\"og:description\" content=\"&nbsp; SERVICIO DE GUARDER\u00cdA Cuidamos de tu bons\u00e1i cuando no puedas hacerte cargo de \u00e9l. Para vacaciones de verano, navidad, semana santa, estancias cortas, cambio de casa, si viajas peri\u00f3dicamente\u2026 Este servicio incluye, cuidados, generales, fumigados, podas, riegos y abonados durante la estancia del bons\u00e1i en nuestrasinstalaciones. PRECIO: 0,75 euros por d\u00eda Periodos inferiores a [&hellip;]\" \/>\n<meta property=\"og:url\" content=\"https:\/\/www.bonsaicenter.es\/blog\/servicios\/\" \/>\n<meta property=\"og:site_name\" content=\"El Arte del Bons\u00e1i en Bilbao | Blog de Beti Andres\" \/>\n<meta property=\"article:publisher\" content=\"https:\/\/www.facebook.com\/BonsaiCenterSopelana\/\" \/>\n<meta property=\"article:modified_time\" content=\"2019-04-25T11:21:46+00:00\" \/>\n<meta name=\"twitter:card\" content=\"summary_large_image\" \/>\n<meta name=\"twitter:site\" content=\"@bonsaisopelana\" \/>\n<meta name=\"twitter:label1\" content=\"Tiempo de lectura\" \/>\n\t<meta name=\"twitter:data1\" content=\"2 minutos\" \/>\n<!-- \/ Yoast SEO plugin. -->","yoast_head_json":{"title":"SERVICIOS - El Arte del Bons\u00e1i en Bilbao | Blog de Beti Andres","robots":{"index":"index","follow":"follow","max-snippet":"max-snippet:-1","max-image-preview":"max-image-preview:large","max-video-preview":"max-video-preview:-1"},"canonical":"https:\/\/www.bonsaicenter.es\/blog\/servicios\/","og_locale":"es_ES","og_type":"article","og_title":"SERVICIOS - El Arte del Bons\u00e1i en Bilbao | Blog de Beti Andres","og_description":"&nbsp; SERVICIO DE GUARDER\u00cdA Cuidamos de tu bons\u00e1i cuando no puedas hacerte cargo de \u00e9l. Para vacaciones de verano, navidad, semana santa, estancias cortas, cambio de casa, si viajas peri\u00f3dicamente\u2026 Este servicio incluye, cuidados, generales, fumigados, podas, riegos y abonados durante la estancia del bons\u00e1i en nuestrasinstalaciones. PRECIO: 0,75 euros por d\u00eda Periodos inferiores a [&hellip;]","og_url":"https:\/\/www.bonsaicenter.es\/blog\/servicios\/","og_site_name":"El Arte del Bons\u00e1i en Bilbao | Blog de Beti Andres","article_publisher":"https:\/\/www.facebook.com\/BonsaiCenterSopelana\/","article_modified_time":"2019-04-25T11:21:46+00:00","twitter_card":"summary_large_image","twitter_site":"@bonsaisopelana","twitter_misc":{"Tiempo de lectura":"2 minutos"},"schema":{"@context":"https:\/\/schema.org","@graph":[{"@type":"WebPage","@id":"https:\/\/www.bonsaicenter.es\/blog\/servicios\/","url":"https:\/\/www.bonsaicenter.es\/blog\/servicios\/","name":"SERVICIOS - El Arte del Bons\u00e1i en Bilbao | Blog de Beti Andres","isPartOf":{"@id":"https:\/\/www.bonsaicenter.es\/blog\/#website"},"datePublished":"2019-04-09T13:48:00+00:00","dateModified":"2019-04-25T11:21:46+00:00","breadcrumb":{"@id":"https:\/\/www.bonsaicenter.es\/blog\/servicios\/#breadcrumb"},"inLanguage":"es","potentialAction":[{"@type":"ReadAction","target":["https:\/\/www.bonsaicenter.es\/blog\/servicios\/"]}]},{"@type":"BreadcrumbList","@id":"https:\/\/www.bonsaicenter.es\/blog\/servicios\/#breadcrumb","itemListElement":[{"@type":"ListItem","position":1,"name":"Portada","item":"https:\/\/www.bonsaicenter.es\/blog\/"},{"@type":"ListItem","position":2,"name":"SERVICIOS"}]},{"@type":"WebSite","@id":"https:\/\/www.bonsaicenter.es\/blog\/#website","url":"https:\/\/www.bonsaicenter.es\/blog\/","name":"El Arte del Bons\u00e1i en Bilbao | Blog de Beti Andres","description":"Bons\u00e1i Center Sopelana","potentialAction":[{"@type":"SearchAction","target":{"@type":"EntryPoint","urlTemplate":"https:\/\/www.bonsaicenter.es\/blog\/?s={search_term_string}"},"query-input":{"@type":"PropertyValueSpecification","valueRequired":true,"valueName":"search_term_string"}}],"inLanguage":"es"}]}},"_links":{"self":[{"href":"https:\/\/www.bonsaicenter.es\/blog\/wp-json\/wp\/v2\/pages\/528","targetHints":{"allow":["GET"]}}],"collection":[{"href":"https:\/\/www.bonsaicenter.es\/blog\/wp-json\/wp\/v2\/pages"}],"about":[{"href":"https:\/\/www.bonsaicenter.es\/blog\/wp-json\/wp\/v2\/types\/page"}],"author":[{"embeddable":true,"href":"https:\/\/www.bonsaicenter.es\/blog\/wp-json\/wp\/v2\/users\/2"}],"replies":[{"embeddable":true,"href":"https:\/\/www.bonsaicenter.es\/blog\/wp-json\/wp\/v2\/comments?post=528"}],"version-history":[{"count":0,"href":"https:\/\/www.bonsaicenter.es\/blog\/wp-json\/wp\/v2\/pages\/528\/revisions"}],"wp:attachment":[{"href":"https:\/\/www.bonsaicenter.es\/blog\/wp-json\/wp\/v2\/media?parent=528"}],"curies":[{"name":"wp","href":"https:\/\/api.w.org\/{rel}","templated":true}]}}